{"id":8,"date":"2012-01-06T00:05:06","date_gmt":"2012-01-06T00:05:06","guid":{"rendered":"http:\/\/www.streumix.com\/subdom_wordpress\/?page_id=8"},"modified":"2019-04-29T19:46:54","modified_gmt":"2019-04-29T19:46:54","slug":"media","status":"publish","type":"page","link":"https:\/\/www.streumix.com\/?page_id=8","title":{"rendered":"Media"},"content":{"rendered":"<h2>Worlds Diary<\/h2>\n<p style=\"text-align: justify;\"><a href=\"\/wp-content\/uploads\/2012\/01\/WorldsDiaryCD_600x600.jpg\"><img loading=\"lazy\" decoding=\"async\" class=\"alignleft  wp-image-57\" style=\"margin: 3px 6px;\" title=\"WorldsDiaryCD_600x600\" src=\"\/wp-content\/uploads\/2012\/01\/WorldsDiaryCD_600x600-150x150.jpg\" alt=\"\" width=\"150\" height=\"150\" srcset=\"https:\/\/www.streumix.com\/wp-content\/uploads\/2012\/01\/WorldsDiaryCD_600x600-150x150.jpg 150w, https:\/\/www.streumix.com\/wp-content\/uploads\/2012\/01\/WorldsDiaryCD_600x600-300x300.jpg 300w, https:\/\/www.streumix.com\/wp-content\/uploads\/2012\/01\/WorldsDiaryCD_600x600.jpg 600w\" sizes=\"(max-width: 150px) 100vw, 150px\" \/><\/a>Das aktuelle Album nennt sich <em>Worlds Diary<\/em> nach dem enthaltenen Song &#8222;A short poem&#8220;, also das Tagebuch, in welchem dieses kurze Gedicht steht. Es sind die ersten Studioaufnahmen im aktuellen Line-Up, auf denen auch unsere Doris vertreten ist.<\/p>\n<p style=\"text-align: justify;\">Aufgenommen und gemischt wurden die 8 Songs im Laufe des Jahres 2011 von Sebastian Keller (a.k.a. Basti) im <a title=\"(ex. Planet-Ton)\" href=\"https:\/\/www.facebook.com\/Soundsolution.Studios\" target=\"_blank\" rel=\"noopener noreferrer\">Soundsolution-Studio<\/a> in Altenstadt. Wie schon fast \u00fcblich entstand s\u00e4mtliche &#8222;Artwork&#8220; zu 100% in Eigenregie. (Photos by Doris). Das Releasedatum der Scheibe ist der Dezember 2011.<\/p>\n<p style=\"text-align: justify;\">H\u00f6rproben (Streaming) k\u00f6nnen auch auf <a href=\"https:\/\/streumix.bandcamp.com\/\" target=\"_blank\" rel=\"noopener noreferrer\">Bandcamp<\/a>&nbsp;zu Gem\u00fcte gef\u00fchrt werden.<\/p>\n<p><span style=\"text-decoration: underline;\"><strong>Tracklist:<\/strong><\/span><\/p>\n<ol>\n<li><a class=\"wpaudio\" href=\"https:\/\/www.streumix.com\/wp-content\/uploads\/2012\/04\/01-Monster-of-Wellness.mp3\">Monster of Wellness<\/a> [3:57]<\/li>\n<li><a class=\"wpaudio\" href=\"https:\/\/www.streumix.com\/wp-content\/uploads\/2019\/04\/02-Modern-slaves.mp3\">Modern slaves<\/a>[2:52]<\/li>\n<li><a class=\"wpaudio\" href=\"https:\/\/www.streumix.com\/wp-content\/uploads\/2019\/04\/03-Who-of-you.mp3\">Who of you<\/a> [2:57]<\/li>\n<li><a class=\"wpaudio\" href=\"https:\/\/www.streumix.com\/wp-content\/uploads\/2019\/04\/04-Neil-Armstrong.mp3\">Neil Armstrong<\/a> [3:50]<\/li>\n<li><a class=\"wpaudio\" href=\"https:\/\/www.streumix.com\/wp-content\/uploads\/2012\/04\/05-A-short-poem.mp3\">A short poem<\/a> [4:38]<\/li>\n<li><a class=\"wpaudio\" href=\"https:\/\/www.streumix.com\/wp-content\/uploads\/2019\/04\/06-All-about-your-mind.mp3\">All about your mind<\/a> [3:53]<\/li>\n<li><a class=\"wpaudio\" href=\"https:\/\/www.streumix.com\/wp-content\/uploads\/2012\/04\/07-Stan-song.mp3\">Stan song<\/a> [3:42]<\/li>\n<li><a class=\"wpaudio\" href=\"https:\/\/www.streumix.com\/wp-content\/uploads\/2019\/04\/08-What-defines-to-be-old.mp3\">What defines to be old<\/a> [3:13]<\/li>\n<\/ol>\n<p><a href=\"\/wp-content\/uploads\/2012\/01\/CD-Booklet_STREUMIX-Worlds-Diary_outside_300.jpg\"><img loading=\"lazy\" decoding=\"async\" class=\"size-thumbnail wp-image-256\" style=\"border: 0pt none;\" title=\"CD-Booklet_STREUMIX - Worlds Diary (outside)\" src=\"\/wp-content\/uploads\/2012\/01\/CD-Booklet_STREUMIX-Worlds-Diary_outside_300-150x76.jpg\" alt=\"\" width=\"150\" height=\"76\"\/><\/a><a href=\"\/wp-content\/uploads\/2012\/01\/CD-Booklet_STREUMIX-Worlds-Diary_inside_300.jpg\"><img loading=\"lazy\" decoding=\"async\" class=\"size-thumbnail wp-image-255\" title=\"CD-Booklet - STREUMIX - Worlds Diary (inside)\" src=\"\/wp-content\/uploads\/2012\/01\/CD-Booklet_STREUMIX-Worlds-Diary_inside_300-150x76.jpg\" alt=\"\" width=\"150\" height=\"76\" srcset=\"https:\/\/www.streumix.com\/wp-content\/uploads\/2012\/01\/CD-Booklet_STREUMIX-Worlds-Diary_inside_300-150x76.jpg 150w, https:\/\/www.streumix.com\/wp-content\/uploads\/2012\/01\/CD-Booklet_STREUMIX-Worlds-Diary_inside_300-300x153.jpg 300w, https:\/\/www.streumix.com\/wp-content\/uploads\/2012\/01\/CD-Booklet_STREUMIX-Worlds-Diary_inside_300-96x49.jpg 96w, https:\/\/www.streumix.com\/wp-content\/uploads\/2012\/01\/CD-Booklet_STREUMIX-Worlds-Diary_inside_300.jpg 585w\" sizes=\"(max-width: 150px) 100vw, 150px\" \/><\/a><a href=\"\/wp-content\/uploads\/2012\/01\/cover_back_350x300.jpg\"><img loading=\"lazy\" decoding=\"async\" class=\"size-thumbnail wp-image-257 \" style=\"border: 0pt none;\" title=\"cover_back_350x300\" src=\"\/wp-content\/uploads\/2012\/01\/cover_back_350x300-150x128.jpg\" alt=\"\" width=\"89\" height=\"76\" srcset=\"https:\/\/www.streumix.com\/wp-content\/uploads\/2012\/01\/cover_back_350x300-150x128.jpg 150w, https:\/\/www.streumix.com\/wp-content\/uploads\/2012\/01\/cover_back_350x300-300x257.jpg 300w, https:\/\/www.streumix.com\/wp-content\/uploads\/2012\/01\/cover_back_350x300-96x82.jpg 96w, https:\/\/www.streumix.com\/wp-content\/uploads\/2012\/01\/cover_back_350x300.jpg 350w\" sizes=\"(max-width: 89px) 100vw, 89px\" \/><\/a><\/p>\n<p><!--more--><\/p>\n<h2>Murphy&#8217;s Lawyers &#8230; in defense of quality punk rock<\/h2>\n<p style=\"text-align: justify;\"><a href=\"\/wp-content\/uploads\/2012\/01\/MurphyCD_110x97.jpg\"><img loading=\"lazy\" decoding=\"async\" class=\"alignleft size-full wp-image-60\" style=\"margin: 3px 6px;\" title=\"MurphyCD_110x97\" src=\"\/wp-content\/uploads\/2012\/01\/MurphyCD_110x97.jpg\" alt=\"\" width=\"110\" height=\"97\"\/><\/a>Ja, unsere vorletzt Scheibe. Aufgenommen, gemischt und gemastert wurden die Songs Ende 2004 in Veiti&#8217;s damaligen <em>Tiefton Studio<\/em> in&nbsp; Murnau. Artwork und sonstige Arbeiten wurden alle bandintern erledigt. Ein echtes D.I.Y. Podukt. Das Release des Albums war im Februar 2005.<\/p>\n<p style=\"text-align: justify;\">Als kleinen Bonus haben wir auch zwei kleine <strong>Videos<\/strong> gebastelt und der CD beigef\u00fcgt. Online bzw. streaming kann man sich den Musik-Clip zum Caipi-Song auf <a href=\"http:\/\/vimeo.com\/1794361\" target=\"_blank\" rel=\"noopener noreferrer\">Vimeo.com<\/a> oder <a href=\"https:\/\/www.youtube.com\/watch?v=Q5amGGkJ-cg\" target=\"_blank\" rel=\"noopener noreferrer\">Youtube<\/a> zu Gem\u00fcte f\u00fchren. Eine von der PAL Aufl\u00f6sung abgemagerte und auf Mobile Devices zugeschnittet MP4 Version k\u00f6nnen wir hier zum Download anbieten:<br \/>\n<a href=\"data\/Streumix-Caipi_Song_SL3.mp4\">Caipi-Song [17MB]<\/a> (320&#215;240,H264-SP@L3,MP4)<br \/>\n<em><strong>Aber VORSICHT: DIY Lo-Fi Keller Quality!<\/strong><\/em><\/p>\n<p><strong style=\"text-align: justify;\"><span style=\"text-decoration: underline;\">Tracklist:<\/span><\/strong><\/p>\n<ol>\n<li><a class=\"wpaudio\" href=\"\/wp-content\/uploads\/2012\/01\/01-Streumix-Murphys_Lawyers-Not_Surprised.mp3\">Not surprised<\/a> [5:07]<\/li>\n<li><a class=\"wpaudio\" href=\"\/wp-content\/uploads\/2012\/01\/02-Streumix-Murphys_Lawyers-Murphys_Law.mp3\">Murphy&#8217;s law<\/a> [4:59]<\/li>\n<li><a class=\"wpaudio\" href=\"\/wp-content\/uploads\/2012\/01\/03-Streumix-Murphys_Lawyers-Caipi_Song.mp3\">Caipi song<\/a> [2:25]<\/li>\n<li><a class=\"wpaudio\" href=\"\/wp-content\/uploads\/2012\/01\/04-Streumix-Murphys_Lawyers-Things.mp3\">Things<\/a> [3:36]<\/li>\n<li><a class=\"wpaudio\" href=\"\/wp-content\/uploads\/2012\/01\/05-Streumix-Murphys_Lawyers-Good_Bye.mp3\">Goodbye<\/a> [4:01]<\/li>\n<li><a class=\"wpaudio\" href=\"\/wp-content\/uploads\/2012\/01\/06-Streumix-Murphys_Lawyers-Intel.mp3\">Intel <\/a>[6:54]<\/li>\n<\/ol>\n<p><!--more--><\/p>\n<h2>The Revenge of Captain S.<\/h2>\n<p style=\"text-align: justify;\"><a href=\"\/wp-content\/uploads\/2012\/01\/TheRevenge_booklet.jpg\"><img loading=\"lazy\" decoding=\"async\" class=\"alignleft size-full wp-image-58\" style=\"margin: 3px 6px;\" title=\"TheRevenge_booklet\" src=\"\/wp-content\/uploads\/2012\/01\/TheRevenge_booklet.jpg\" alt=\"\" width=\"100\" height=\"149\"\/><\/a>Beim <em>&#8222;The Revenge of Captain S.&#8220;<\/em> Album handelt es sich um Aufnahmen aus dem Fr\u00fchjahr 2001, die von uns im <em>Master of Disaster Studio<\/em>, Rottenbuch (unser Proberaum), unter&nbsp; h\u00f6chsten Anstrengungen in bester D.I.Y-Qualit\u00e4t produziert wurden. Da wir dieses Ding als Promomaterial begreifen und es selbst nur in einer Very-Limited-Edition vertreiben haben, wollen wir jeden ermutigen, sich die CD selbst zu basteln. Hier ist das <em>Das Bau-dir-eine-&#8222;The Revenge of Captain S.&#8220;-CD Bundle <\/em>zum Download:<\/p>\n<p title=\"TheRevenge_bookletA3.pdf\">Was ihr daf\u00fcr braucht? Klar, neben einem CD-Brenner mit entsprechenden Rohlingen ben\u00f6tigt man das <a href=\"https:\/\/www.streumix.com\/?attachment_id=128\" rel=\"attachment wp-att-128\">TheRevenge_booklet<\/a> der CD im PDF-Format zum Ausdrucken. Damits einfacher geht, hier die Seiten <a href=\"https:\/\/www.streumix.com\/?attachment_id=131\" rel=\"attachment wp-att-131\">1<\/a>, <a href=\"https:\/\/www.streumix.com\/?attachment_id=130\" rel=\"attachment wp-att-130\">2<\/a> und&nbsp;<a href=\"https:\/\/www.streumix.com\/?attachment_id=129\" rel=\"attachment wp-att-129\">3<\/a> einzeln auf A4. Wenn alles gedruckt ist, noch die Songs herunterladen, den Brenner angeschmissen&nbsp; &#8230; <strong>FERTIG<\/strong>!<\/p>\n<p title=\"TheRevenge_bookletA3.pdf\"><span style=\"text-decoration: underline;\"><strong>Tracklist:<\/strong><\/span><\/p>\n<ol>\n<li><a class=\"wpaudio\" href=\"\/wp-content\/uploads\/2012\/01\/Streumix_Teddybear.mp3\">Teddybear<\/a> [2:47]<\/li>\n<li><a class=\"wpaudio\" href=\"\/wp-content\/uploads\/2012\/01\/Streumix_rosarot.mp3\">Rosarot<\/a> [3:46]<\/li>\n<li><a class=\"wpaudio\" href=\"\/wp-content\/uploads\/2012\/01\/Streumix_Mannesmann.mp3\">Mannesmann hardcore<\/a> [3:23]<\/li>\n<li><a class=\"wpaudio\" href=\"\/wp-content\/uploads\/2012\/01\/Streumix_IFriend.mp3\">Imaginary friend<\/a> [4:19]<\/li>\n<li><a class=\"wpaudio\" href=\"\/wp-content\/uploads\/2012\/01\/Streumix_CaptainS.mp3\">Captain S.<\/a> [0:37]<\/li>\n<\/ol>\n<p><!--more--><\/p>\n<h2>Inflagranti<\/h2>\n<p><a href=\"\/wp-content\/uploads\/2012\/01\/InflagrantiCD_110x110.jpg\"><img loading=\"lazy\" decoding=\"async\" class=\"alignleft size-full wp-image-59\" style=\"margin: 3px 6px;\" title=\"InflagrantiCD_110x110\" src=\"\/wp-content\/uploads\/2012\/01\/InflagrantiCD_110x110.jpg\" alt=\"\" width=\"110\" height=\"110\"\/><\/a>Die folgenden St\u00fccke stammen alle von unserem ersten offiziellen Album <em>&#8218;Inflagranti&#8216;<\/em> aus dem Jahr 1994. Aufgenommen wurde damals alles in unserer langj\u00e4hrigen, men-only Quartett-Besetzung (Toby\/Ofra\/Muckl\/Stanley) im LineMen Studio in Ingolstadt.<\/p>\n<p title=\"TheRevenge_bookletA3.pdf\"><span style=\"text-decoration: underline;\"><strong>Tracklist:<\/strong><\/span><\/p>\n<ol>\n<li><a class=\"wpaudio\" href=\"\/wp-content\/uploads\/2012\/01\/Streumix_They-are-as-good-as-dead.mp3\">They are as good as dead<\/a> [4:31]<\/li>\n<li><a class=\"wpaudio\" href=\"\/wp-content\/uploads\/2012\/01\/Streumix_You.mp3\">You<\/a> [3:43]<\/li>\n<li><a class=\"wpaudio\" href=\"\/wp-content\/uploads\/2012\/01\/Streumix_Friday-Evening.mp3\">Friday evening<\/a> [3:22]<\/li>\n<li><a class=\"wpaudio\" href=\"\/wp-content\/uploads\/2012\/01\/Streumix_Lies.mp3\">Lies<\/a> [2:42]<\/li>\n<li><a class=\"wpaudio\" href=\"\/wp-content\/uploads\/2012\/01\/Streumix_Capture-my-mind.mp3\">Capture my mind<\/a> [4:31]<\/li>\n<li><a class=\"wpaudio\" href=\"\/wp-content\/uploads\/2012\/01\/Streumix_Smirnoff.mp3\">Smirnoff<\/a>[1:57]<\/li>\n<\/ol>\n<h2>Bezug<\/h2>\n<p>Neben der &#8222;<em>modernen<\/em>&#8220; Option des Download-Kaufs (siehe rechte Sidebar) gibt&#8217;s nat\u00fcrlich die wirkliche, harte Ware bei uns direkt zu erwerben. Denn nur so kommt ihr an Druckausgaben der mit viel Liebe (selbst-)gestalteten Cover\/Booklets\/etc. und nat\u00fcrlich beste (unkomprimierte) Tonqualit\u00e4t.<\/p>\n<p>Grunds\u00e4tzlich gibt&#8217;s nat\u00fcrlich das Zeugs bei unseren Konzerten. Wenn dies aber ausscheidet (<em>schade<\/em>), braucht man uns nur direkt kontaktiren. Entweder pers\u00f6nlich (wenn man aus der Gegend ist) oder via Telefon oder Email (Kontakt is rechts in der Sidebar zu finden). Wir verschicken zum Selbstkostenpreis. Versandkosten ab 1,45\u20ac (bei nur einer CD) bei Vorauskasse \/ PayPal oder Nachnahme (mit zus\u00e4tzlichen Kosten, wie sie die Post uns abverlangt).<\/p>\n<div style=\"padding-left: 30px;\">Preise:<\/div>\n<div style=\"padding-left: 30px;\">\n<table cellspacing=\"10\" cellpadding=\"0\" border=\"0\">\n<tbody>\n<tr>\n<td>CD <em>&#8222;Worlds Diary&#8220;<\/em><\/td>\n<td>8\u20ac<\/td>\n<\/tr>\n<tr>\n<td>CD <em>&#8222;Murphy&#8217;s Lawer&#8220;<\/em> oder <em>&#8222;Inflagranti&#8220;<\/em><\/td>\n<td>5\u20ac<\/td>\n<\/tr>\n<tr>\n<td>CD <del><em>&#8222;Revenge of Captain S.&#8220;<\/em><\/del><\/td>\n<td>derzeit nicht verf\u00fcgbar<\/td>\n<\/tr>\n<\/tbody>\n<\/table>\n<\/div>\n","protected":false},"excerpt":{"rendered":"<p>Worlds Diary Das aktuelle Album nennt sich Worlds Diary nach dem enthaltenen Song &#8222;A short poem&#8220;, also das Tagebuch, in welchem dieses kurze Gedicht steht. Es sind die ersten Studioaufnahmen im aktuellen Line-Up, auf denen auch unsere Doris vertreten ist. Aufgenommen und gemischt wurden die 8 Songs im Laufe des Jahres 2011 von Sebastian Keller <a href='https:\/\/www.streumix.com\/?page_id=8' class='excerpt-more'>[&#8230;]<\/a><\/p>\n","protected":false},"author":1,"featured_media":0,"parent":0,"menu_order":0,"comment_status":"open","ping_status":"open","template":"","meta":{"footnotes":""},"_links":{"self":[{"href":"https:\/\/www.streumix.com\/index.php?rest_route=\/wp\/v2\/pages\/8"}],"collection":[{"href":"https:\/\/www.streumix.com\/index.php?rest_route=\/wp\/v2\/pages"}],"about":[{"href":"https:\/\/www.streumix.com\/index.php?rest_route=\/wp\/v2\/types\/page"}],"author":[{"embeddable":true,"href":"https:\/\/www.streumix.com\/index.php?rest_route=\/wp\/v2\/users\/1"}],"replies":[{"embeddable":true,"href":"https:\/\/www.streumix.com\/index.php?rest_route=%2Fwp%2Fv2%2Fcomments&post=8"}],"version-history":[{"count":37,"href":"https:\/\/www.streumix.com\/index.php?rest_route=\/wp\/v2\/pages\/8\/revisions"}],"predecessor-version":[{"id":898,"href":"https:\/\/www.streumix.com\/index.php?rest_route=\/wp\/v2\/pages\/8\/revisions\/898"}],"wp:attachment":[{"href":"https:\/\/www.streumix.com\/index.php?rest_route=%2Fwp%2Fv2%2Fmedia&parent=8"}],"curies":[{"name":"wp","href":"https:\/\/api.w.org\/{rel}","templated":true}]}}