{"id":6,"date":"2012-01-05T21:54:18","date_gmt":"2012-01-05T21:54:18","guid":{"rendered":"http:\/\/www.streumix.com\/subdom_wordpress\/?page_id=6"},"modified":"2022-12-20T09:43:59","modified_gmt":"2022-12-20T09:43:59","slug":"band-info","status":"publish","type":"page","link":"https:\/\/www.streumix.com\/?page_id=6","title":{"rendered":"Info"},"content":{"rendered":"<div class=\"alignright\" style=\"border: 0pt none; margin: 0px; text-align: center; font-size: small;\"><a href=\"https:\/\/www.streumix.com\/wp-content\/uploads\/2022\/12\/doris22.jpg\"><img loading=\"lazy\" decoding=\"async\" class=\"alignright  wp-image-1057\" src=\"https:\/\/www.streumix.com\/wp-content\/uploads\/2022\/12\/doris22-268x300.jpg\" alt=\"\" width=\"124\" height=\"139\" srcset=\"https:\/\/www.streumix.com\/wp-content\/uploads\/2022\/12\/doris22-268x300.jpg 268w, https:\/\/www.streumix.com\/wp-content\/uploads\/2022\/12\/doris22-134x150.jpg 134w, https:\/\/www.streumix.com\/wp-content\/uploads\/2022\/12\/doris22-86x96.jpg 86w, https:\/\/www.streumix.com\/wp-content\/uploads\/2022\/12\/doris22.jpg 561w\" sizes=\"(max-width: 124px) 100vw, 124px\" \/><\/a><br \/>\nDoris<\/div>\n<p>Irgendwann im Fr\u00fchjahr 1990 beschlossen drei Freunde zusammen Musik zu machen. Die Band STREUMIX in der Urbesetzung Toby(b), Ofra(g) und Stanley(dr) war geboren. Musikalisch befanden sich die drei Jungs von Anfang an auf dem selben Nenner: Derb gespielter Punk Rock mit heftigem, harcore-lastigem Gesang. Zwei Jahre und einige Live-Gigs sp\u00e4ter gesellte sich dann ein guter Freund mit flinken Fingern zur Band. Mit Muckl an der zweiten Klampfe ergaben sich f\u00fcr STREUMIX neue musikalische M\u00f6glichkeiten.<\/p>\n<div class=\"alignleft\" style=\"border: 0pt none; margin: 0px; text-align: center; font-size: small;\"><a href=\"https:\/\/www.streumix.com\/wp-content\/uploads\/2022\/12\/muckl22.jpg\"><img loading=\"lazy\" decoding=\"async\" class=\"wp-image-1058 alignleft\" src=\"https:\/\/www.streumix.com\/wp-content\/uploads\/2022\/12\/muckl22-300x233.jpg\" alt=\"\" width=\"147\" height=\"114\" srcset=\"https:\/\/www.streumix.com\/wp-content\/uploads\/2022\/12\/muckl22-300x233.jpg 300w, https:\/\/www.streumix.com\/wp-content\/uploads\/2022\/12\/muckl22-150x117.jpg 150w, https:\/\/www.streumix.com\/wp-content\/uploads\/2022\/12\/muckl22-768x598.jpg 768w, https:\/\/www.streumix.com\/wp-content\/uploads\/2022\/12\/muckl22-96x75.jpg 96w, https:\/\/www.streumix.com\/wp-content\/uploads\/2022\/12\/muckl22.jpg 771w\" sizes=\"(max-width: 147px) 100vw, 147px\" \/><\/a><br \/>\nMuckl<\/div>\n<p>Schnell entwickelte sich jener Stil, den die Jungs bis heute als &#8222;Karl-Heinz-Paul-Core&#8220; bezeichnen, bei dem es eben schwer f\u00e4llt alles unter eines der g\u00e4ngigen Schlagworte zu zw\u00e4ngen. Das Songwriting wurde komplexer, der Gesang melodischer und teilweise zweistimmig. Nach einigen rudiment\u00e4ren Demostapes wurde dann im Jahre 1994 dieser Zustand mit dem ersten Studioalbum &#8222;Inflagranti&#8220; festgehalten und einem gr\u00f6\u00dferem Publikum zug\u00e4nglich gemacht. Mit diesen Aufnahmen in der Hand machte sich die Band dann auf so manches Live-Publikum f\u00fcr sich begeistern.<\/p>\n<div class=\"alignright\" style=\"border: 0pt none; margin: 0px; text-align: center; font-size: small;\"><a href=\"https:\/\/www.streumix.com\/wp-content\/uploads\/2022\/12\/toby22.jpg\"><img loading=\"lazy\" decoding=\"async\" class=\"alignright  wp-image-1060\" src=\"https:\/\/www.streumix.com\/wp-content\/uploads\/2022\/12\/toby22-300x288.jpg\" alt=\"\" width=\"124\" height=\"119\" srcset=\"https:\/\/www.streumix.com\/wp-content\/uploads\/2022\/12\/toby22-300x288.jpg 300w, https:\/\/www.streumix.com\/wp-content\/uploads\/2022\/12\/toby22-150x144.jpg 150w, https:\/\/www.streumix.com\/wp-content\/uploads\/2022\/12\/toby22-96x92.jpg 96w, https:\/\/www.streumix.com\/wp-content\/uploads\/2022\/12\/toby22-24x24.jpg 24w, https:\/\/www.streumix.com\/wp-content\/uploads\/2022\/12\/toby22-36x36.jpg 36w, https:\/\/www.streumix.com\/wp-content\/uploads\/2022\/12\/toby22.jpg 684w\" sizes=\"(max-width: 124px) 100vw, 124px\" \/><\/a><br \/>\nToby<\/div>\n<p>Als im Jahre 2000 Ofra die Band aus beruflichen Gr\u00fcnden verlassen mu\u00dfte, schrumpfte die Band wieder auf beschauliche Trio-Gr\u00f6\u00dfe. <em>&#8222;The Revenge of Captain S.&#8220;<\/em> war der erste Platten-Output in dieser zwischenzeitlichen Besetzung: Toby(b), Muckl(g) und Stanley(dr). Auch auf der darauf folgenden Scheibe <em>&#8222;Murphy&#8217;s Lawyers &#8230; in defense of quality punk rock&#8220;<\/em> von 2005 zeigen sich die Jungs abwechslungsreich und frisch wie schon all die Jahre zuvor. Egal ob schnell oder langsam: Alle Songs sind mit viel Melodie und Drive gespielt.<\/p>\n<div class=\"alignleft\" style=\"border: 0pt none; margin: 0px; text-align: center; font-size: small;\"><a href=\"https:\/\/www.streumix.com\/wp-content\/uploads\/2022\/12\/stan22.jpg\"><img loading=\"lazy\" decoding=\"async\" class=\"wp-image-1059 alignleft\" src=\"https:\/\/www.streumix.com\/wp-content\/uploads\/2022\/12\/stan22-292x300.jpg\" alt=\"\" width=\"110\" height=\"113\" srcset=\"https:\/\/www.streumix.com\/wp-content\/uploads\/2022\/12\/stan22-292x300.jpg 292w, https:\/\/www.streumix.com\/wp-content\/uploads\/2022\/12\/stan22-146x150.jpg 146w, https:\/\/www.streumix.com\/wp-content\/uploads\/2022\/12\/stan22-93x96.jpg 93w, https:\/\/www.streumix.com\/wp-content\/uploads\/2022\/12\/stan22-24x24.jpg 24w, https:\/\/www.streumix.com\/wp-content\/uploads\/2022\/12\/stan22-36x36.jpg 36w, https:\/\/www.streumix.com\/wp-content\/uploads\/2022\/12\/stan22-48x48.jpg 48w, https:\/\/www.streumix.com\/wp-content\/uploads\/2022\/12\/stan22.jpg 670w\" sizes=\"(max-width: 110px) 100vw, 110px\" \/><\/a><br \/>\nStanley<\/div>\n<p>Die letzte Besetzungs\u00e4nderung ergab sich Ende 2008. Doris stie\u00df zuerst mit ihrer Stimme, dann mit der Mundharmonika hinzu. Das Deb\u00fct auf der 2. North-End Winterparty (in Schongau) im November 2008 war urspr\u00fcnglich noch als Experiment angesetzt. Mit all dem Spa\u00df an der Sache, dem extrem positiven Feedback und den neuen M\u00f6glichkeiten in dieser Konstellation entwickelte sich ein Selbstl\u00e4ufer, der bis heute in der Besetzung Doris(voc..,harm.), Toby(voc.,bass), Muckl(voc.,git.) und Stanley(dr.) bestand hat. Im Laufe des Jahres 2011 begab sich die Band wiedermals in Studio, um neue Songs in dieser Konstallations f\u00fcr ihr Publikum zu konservieren. Ende 2011 erschien dann das aktuelle Album <em>&#8222;Worlds Diary&#8220;<\/em>.<\/p>\n<p>Musikalisch gesehen taten die Besetzungswechsel der Band nie einen Abbruch. In den Anfangsjahren als Quartett noch gitarrenlastig, mischten sich im Laufe der Zeit mit Muckl und Doris weitere Stimmen zu Toby hinzu, so da\u00df die Songs zunehmend mit mehrstimmigen Gesangslinien ausgestattet wurden. Der als &#8222;Karl-Heinz-Paul-Core&#8220; bekannt gemachte STREUMIX Sound hat seinen grundlegenden Charakter jedoch nie verlohren und wird besser denn je aus den Instrumenten gezaubert. Angesiedelt irgendwo zwischen bodenst\u00e4ndigem Punkrock mit europ\u00e4ischem Einschlag, amerikanischem Melodie-Core, geradlinigem Hardcore, einem Schu\u00df Ska und Emo hat sich STREUMIX vor allem einen Namen als klasse Live-Band eingespielt. Mit einer gleichwertigen Mischung aus weiblich wie m\u00e4nnlichem Gesang wird eine eher seltene, wenngleich sehr abwechslungsreiche und unterhaltsame Nuance in der musikalischen (Punkrock-) Landschaft geboten. In ihrer ambitionierten und mitrei\u00dfenden B\u00fchnenshow spiegelt sich neben der Best\u00e4ndigkeit und Erfahrung vor allem der Spa\u00df wieder, den sie dabei haben.<\/p>\n<p>Die Band, mitlerweilen ein Urgestein der Schongauer Szene, spielt selbst nach all den Jahren wahnsinnig gerne live; und zwar \u00fcberall ! Hier sind sie gnadenlos &#8211; vorausgesetzt: Es mu\u00df nicht drauf gezahlt werden.<\/p>\n<p style=\"text-align: justify;\">F\u00fcr Veranstalter, Label und Presse gibt es eine <a title=\"Media\" href=\"https:\/\/www.streumix.com\/wp-content\/uploads\/2022\/12\/Bandinfo2022_Rev1.pdf\">einseitige Bandinfo im PDF-Format zum Download<\/a>.<\/p>\n","protected":false},"excerpt":{"rendered":"<p>Doris Irgendwann im Fr\u00fchjahr 1990 beschlossen drei Freunde zusammen Musik zu machen. Die Band STREUMIX in der Urbesetzung Toby(b), Ofra(g) und Stanley(dr) war geboren. Musikalisch befanden sich die drei Jungs von Anfang an auf dem selben Nenner: Derb gespielter Punk Rock mit heftigem, harcore-lastigem Gesang. Zwei Jahre und einige Live-Gigs sp\u00e4ter gesellte sich dann ein <a href='https:\/\/www.streumix.com\/?page_id=6' class='excerpt-more'>[&#8230;]<\/a><\/p>\n","protected":false},"author":1,"featured_media":0,"parent":0,"menu_order":0,"comment_status":"open","ping_status":"open","template":"","meta":{"footnotes":""},"_links":{"self":[{"href":"https:\/\/www.streumix.com\/index.php?rest_route=\/wp\/v2\/pages\/6"}],"collection":[{"href":"https:\/\/www.streumix.com\/index.php?rest_route=\/wp\/v2\/pages"}],"about":[{"href":"https:\/\/www.streumix.com\/index.php?rest_route=\/wp\/v2\/types\/page"}],"author":[{"embeddable":true,"href":"https:\/\/www.streumix.com\/index.php?rest_route=\/wp\/v2\/users\/1"}],"replies":[{"embeddable":true,"href":"https:\/\/www.streumix.com\/index.php?rest_route=%2Fwp%2Fv2%2Fcomments&post=6"}],"version-history":[{"count":15,"href":"https:\/\/www.streumix.com\/index.php?rest_route=\/wp\/v2\/pages\/6\/revisions"}],"predecessor-version":[{"id":1062,"href":"https:\/\/www.streumix.com\/index.php?rest_route=\/wp\/v2\/pages\/6\/revisions\/1062"}],"wp:attachment":[{"href":"https:\/\/www.streumix.com\/index.php?rest_route=%2Fwp%2Fv2%2Fmedia&parent=6"}],"curies":[{"name":"wp","href":"https:\/\/api.w.org\/{rel}","templated":true}]}}